{"id":81,"date":"2019-11-21T13:51:22","date_gmt":"2019-11-21T13:51:22","guid":{"rendered":"http:\/\/www.beeliteclinic.de\/?page_id=81"},"modified":"2021-06-02T12:30:15","modified_gmt":"2021-06-02T10:30:15","slug":"elite-procedures","status":"publish","type":"page","link":"https:\/\/www.beeliteclinic.cz\/en\/elite-procedures\/","title":{"rendered":"Threads: Lifting thread"},"content":{"rendered":"\n<div class=\"heading mb-4 mt-5 pt-5\" id=\"efekt\">\n<h3 class=\"d-inline-flex justify-content-center align-items-center\">\n<span class=\"heading-headline gold-line\">\nWHAT OBJECTIVE\/EFFECT DO WE USE THREADS FOR?\n<\/span><\/h3><\/div>\n\n\n\n<div class=\"wp-block-columns is-layout-flex wp-container-core-columns-is-layout-9d6595d7 wp-block-columns-is-layout-flex\">\n<div class=\"wp-block-column is-layout-flow wp-block-column-is-layout-flow\">\n<p><strong>Lifting &#8211; lift &#8211; traction threads<\/strong><\/p>\n\n\n\n<p>They are introduced into the subcutaneous fat layer in order to:<\/p>\n\n\n\n<ul class=\"wp-block-list\"><li>lift soft tissues and withered skin,<\/li><li>create volume, e.g. in the cheekbone area,<\/li><li>to support the growth of the collagen fibre network and activate local blood circulation.<\/li><\/ul>\n\n\n\n<p>All that for rejuvenation, shaping and lifting.<\/p>\n<\/div>\n\n\n\n<div class=\"wp-block-column is-layout-flow wp-block-column-is-layout-flow\">\n<p><strong>Tightening threads &#8211; mesothreads<\/strong><\/p>\n\n\n\n<p>They are introduced into the skin wherever the skin is lax, thin, wrinkled and needs strengthening.<\/p>\n\n\n\n<ul class=\"wp-block-list\"><li>Mesothreads improve the quality and strength of the skin.<\/li><li>Microneedling \u2013 needling \u2013 induces the healing process.<\/li><li>Thanks to the healing process, the network of collagen fibres grows and local blood circulation is activated.<\/li><\/ul>\n<\/div>\n<\/div>\n\n\n\n<div class=\"text-center\">\n<strong>How long does the thread lift effect last?<\/strong>\n<\/div>\n<div class=\"cont-video\">\n<iframe src=\"https:\/\/player.vimeo.com\/video\/230717989\" frameborder=\"0\" allow=\"autoplay; fullscreen\" allowfullscreen=\"\"><\/iframe>\n<\/div>\n\n\n\n<div class=\"heading mb-4 mt-5 pt-5\" id=\"material\">\n<h3 class=\"d-inline-flex justify-content-center align-items-center\">\n<span class=\"heading-headline gold-line\">\nMATERIAL AND ABSORBABILITY\n<\/span><\/h3><\/div>\n\n\n\n<div class=\"wp-block-columns is-layout-flex wp-container-core-columns-is-layout-9d6595d7 wp-block-columns-is-layout-flex\">\n<div class=\"wp-block-column is-layout-flow wp-block-column-is-layout-flow\">\n<p><strong>Polydioxanone &#8211; PDO<\/strong><\/p>\n\n\n\n<ul class=\"wp-block-list\"><li>It is absorbed after 180-240 days by hydrolysis and excretion.<\/li><\/ul>\n<\/div>\n\n\n\n<div class=\"wp-block-column is-layout-flow wp-block-column-is-layout-flow\">\n<p><strong>Polylactic acid (PLLA) or a combination of polylactic acid + polycaprolactam P (LA\/CL) &#8211; Aptos<\/strong><\/p>\n\n\n\n<ul class=\"wp-block-list\"><li>It is absorbed after 360\u2013420 days.<\/li><li>It provides a solid connection of threads and tissues.<\/li><li>The presence of newly formed collagen fibres guarantees soft tissue support.<\/li><li>Polycaprolactam in Aptos threads slows down the polylactic acid breakdown, and therefore the threads are absorbed after 1.52 years.<\/li><\/ul>\n<\/div>\n\n\n\n<div class=\"wp-block-column is-layout-flow wp-block-column-is-layout-flow\">\n<p><strong>Polypropylene<\/strong><\/p>\n\n\n\n<ul class=\"wp-block-list\"><li>Non-absorbable material, does not degrade.<\/li><li>Minimal tissue reactivity.<\/li><li>It generates fibrosis in the surrounding tissue.<\/li><\/ul>\n<\/div>\n<\/div>\n\n\n\n<div class=\"heading mb-4 mt-5 pt-5\" id=\"oblasti\">\n<h3 class=\"d-inline-flex justify-content-center align-items-center\">\n<span class=\"heading-headline gold-line\">\nAREAS OF APPLICATION\n<\/span><\/h3><\/div>\n\n\n\n<div class=\"wp-block-columns is-layout-flex wp-container-core-columns-is-layout-9d6595d7 wp-block-columns-is-layout-flex\">\n<div class=\"wp-block-column is-layout-flow wp-block-column-is-layout-flow\">\n<p><strong>Face:<\/strong><\/p>\n\n\n\n<p>After assessing the quality and condition of the skin and subcutaneous tissue, both lifting and tightening threads can be applied:<\/p>\n\n\n\n<ul class=\"wp-block-list\"><li>forehead,<\/li><li>glabella,<\/li><li>undereye circles (tear groove),<\/li><li>the area of \u200b\u200bthe cheekbones and cheeks, the middle part of the face,<\/li><li>marionette lines, drooping mouth corners,<\/li><li>nasolabial folds,<\/li><li>mandible contour,<\/li><li>chin,<\/li><li>double chin.&nbsp;<\/li><\/ul>\n<\/div>\n\n\n\n<div class=\"wp-block-column is-layout-flow wp-block-column-is-layout-flow\">\n<p><strong>Areas suitable mainly for tightening threads:<\/strong><\/p>\n\n\n\n<p>Prevention of signs of ageing on the face:<\/p>\n\n\n\n<ul class=\"wp-block-list\"><li>especially on the forehead,<\/li><li>between the eyebrows,<\/li><li>around eyes,<\/li><li>under eyes,<\/li><li>nasolabial folds,<\/li><li>cheeks,<\/li><li>area above the upper lip,<\/li><li>secondary laugh lines on the cheeks,<\/li><li>mouth corners,&nbsp;<\/li><li>chin,<\/li><li>double chin,<\/li><li>neck,<\/li><li>d\u00e9collet\u00e9,<\/li><li>hands,&nbsp;<\/li><li>area above-the-knee and more.<\/li><\/ul>\n<\/div>\n\n\n\n<div class=\"wp-block-column is-layout-flow wp-block-column-is-layout-flow\">\n<p><strong>Body:<\/strong><\/p>\n\n\n\n<p>Depending on the skin and subcutaneous tissue condition, lifting and firming threads:<\/p>\n\n\n\n<ul class=\"wp-block-list\"><li>neck,<\/li><li>d\u00e9collet\u00e9,<\/li><li>breasts,<\/li><li>arms,<\/li><li>abdomen,<\/li><li>buttocks,<\/li><li>inner thighs,<\/li><li>outer thighs,<\/li><li>area above-the-knee and more\u2026<\/li><\/ul>\n<\/div>\n<\/div>\n\n\n\n<div class=\"text-center\">\n<strong>What are the thread facelift methods?<\/strong>\n<\/div>\n<div class=\"cont-video\">\n<iframe src=\"https:\/\/player.vimeo.com\/video\/230735344\" allow=\"autoplay; fullscreen\" allowfullscreen=\"\"><\/iframe>\n<\/div>\n\n\n\n<div class=\"heading mb-4 mt-5 pt-5\" id=\"aplikace\">\n<h3 class=\"d-inline-flex justify-content-center align-items-center\">\n<span class=\"heading-headline gold-line\">\nAPPLICATION METHOD\n<\/span><\/h3><\/div>\n\n\n\n<p><strong><strong>Lifting threads application principle<\/strong><\/strong><\/p>\n\n\n\n<p>The lifting thread looks like a fly&#8217;s foot under a microscope. There are a lot of small teeth, which get caught by &#8222;obstacles&#8220; (ligaments, septa) in the adipose tissue and help to pull. The face structures are used.<\/p>\n\n\n\n<p>With a thread inserted into a blunt cannula or needle, we connect mobile (shifting, falling) and non-mobile (more stable in the ageing process) structures by anchoring the thread to the tissues that are stronger (ligaments, septa) than adipose tissue.<\/p>\n\n\n\n<p><strong><strong>Tightening threads application principle<\/strong><\/strong><\/p>\n\n\n\n<p>We use meso and tightening threads wherever we need to firm. Just as our grandmothers slid the frayed shabby heel of a sock onto the darning mushroom and sewed a thin skeleton with threads, so we &#8222;sew&#8220; the skin inserted into the blunt cannula or needle to give it its original strength.<\/p>\n\n\n\n<div class=\"text-center\">\n<strong>How does thread lift work?<\/strong>\n<\/div>\n<div class=\"cont-video\">\n<iframe src=\"https:\/\/player.vimeo.com\/video\/230717844\" frameborder=\"0\" allow=\"autoplay; fullscreen\" allowfullscreen=\"\"><\/iframe>\n<\/div>\n\n\n\n<div class=\"heading mb-4 mt-5 pt-5\">\n<h3 class=\"d-inline-flex justify-content-center align-items-center\">\n<span class=\"heading-headline gold-line\">\nCombination\n<\/span><\/h3><\/div>\n\n\n\n<p class=\"has-text-align-center\"><strong><em>Combination:<br>an image is created from colours,<\/em><\/strong><br><strong><em>a symphony from tones,<\/em><\/strong><br><strong><em>a perfect result \u2013 from thoughtful steps.<\/em><\/strong><\/p>\n\n\n\n<p class=\"has-text-align-center\"><strong><em><br><\/em><\/strong><\/p>\n\n\n\n<p><\/p>\n\n\n\n<p><\/p>\n\n\n\n<p class=\"has-text-align-center\">For better effect, we can combine thread lifting and tightening threads with:<\/p>\n\n\n\n<p class=\"has-text-align-center\"><strong>\u2022<\/strong> Dermal fillers,&nbsp;&nbsp;<br><strong>\u2022<\/strong> botulinum toxin,<br><strong>\u2022<\/strong> biostimulators,<br><strong>\u2022<\/strong> plasma therapy,<br><strong>\u2022<\/strong> mesotherapy,<br><strong>\u2022<\/strong> chemical peeling,<br><strong>\u2022<\/strong> liposuction,<br><strong>\u2022<\/strong> fat transfer,<br><strong>\u2022<\/strong> laser,<br><strong>\u2022<\/strong> radiofrequency,<br><strong>\u2022<\/strong> ultrasound therapy and other procedures\u2026<\/p>\n\n\n\n<div class=\"heading mb-4 mt-5 pt-5\">\n<h3 class=\"d-inline-flex justify-content-center align-items-center\">\n<span class=\"heading-headline gold-line\">\nPOST PROCEDURE\n<\/span><\/h3><\/div>\n\n\n\n<p class=\"has-text-align-center\"><strong>For the period of 14 days, we recommend avoiding:<\/strong><\/p>\n\n\n\n<p class=\"has-text-align-center\"><strong>\u2022<\/strong> sauna, <br><strong>\u2022<\/strong> solarium,<br><strong>\u2022<\/strong> dental treatment,<br><strong>\u2022<\/strong> face massage,<br><strong>\u2022<\/strong> physical activity, exercise.<\/p>\n\n\n\n<p class=\"has-text-align-center\"><em>In some cases, antibiotics and analgesics are administered.<\/em><\/p>\n\n\n\n<div class=\"heading mb-4 mt-5 pt-5\">\n<h3 class=\"d-inline-flex justify-content-center align-items-center\">\n<span class=\"heading-headline gold-line\">\nBENEFITS\n<\/span><\/h3><\/div>\n\n\n\n<p class=\"has-text-align-center\"><strong>\u2022<\/strong> Minimally invasive procedure performed under local anaesthesia.<br><strong>\u2022<\/strong> 20\u2060\u201330 minute procedure.<br><strong>\u2022<\/strong> Immediately visible results.<br><strong>\u2022<\/strong> Short recovery &#8211; minimal patient limitations.<br><strong>\u2022<\/strong> Preservation of natural facial expressions.<br><strong>\u2022<\/strong> No scars and minimal pain.<br><strong>\u2022<\/strong> Double effect: lifting and rejuvenation.<br><strong>\u2022<\/strong> New collagen production.<br><strong>\u2022<\/strong> Microcirculation support.<br><strong>\u2022<\/strong> Long-term effect.<br><strong>\u2022<\/strong> Cheaper than invasive procedures.<\/p>\n\n\n\n<p class=\"has-text-align-center\"><em>It can be combined with other aesthetic procedures.<\/em><\/p>\n\n\n\n<div class=\"heading mb-4 mt-5 pt-5\" id=\"vhodny_pacient\">\n<h3 class=\"d-inline-flex justify-content-center align-items-center\">\n<span class=\"heading-headline gold-line\">\nSELECTING A SUITABLE PATIENT\n<\/span><\/h3><\/div>\n\n\n\n<p class=\"has-text-align-center\">At the facial thread lift consultation, we classify the ageing type of the middle and lower facial part (possibly forehead and eyebrows, chin and neck), the quantity and quality of soft tissues and skin.<\/p>\n\n\n\n<p class=\"has-text-align-center\">The ideal patient has good skin quality, accentuated nasolabial folds and marionette lines, an irregular profile of lower jaw contour (so called saggy cheeks) and no or a very little excess skin.<\/p>\n\n\n\n<p class=\"has-text-align-center\">The effect of thread lifting and consequent client satisfaction is determined by:<\/p>\n\n\n\n<p class=\"has-text-align-center\"><strong>\u2022<\/strong> Skin and subcutaneous tissue quality (not age!).<br><strong>\u2022<\/strong> Thread type.<br><strong>\u2022<\/strong> Application technique and correct fixation.<br><strong>\u2022<\/strong> Depth of implantation.<\/p>\n\n\n\n<div class=\"text-center\">\n<strong>Let&#8217;s have a look at the reasons for which the clients indicated for thread lift come to us.<\/strong>\n<\/div>\n<div class=\"cont-video\">\n<iframe src=\"https:\/\/player.vimeo.com\/video\/230733544\" frameborder=\"0\" allow=\"autoplay; fullscreen\" allowfullscreen=\"\"><\/iframe>\n<\/div>\n\n\n\n<div class=\"heading mb-4 mt-5 pt-5\">\n<h3 class=\"d-inline-flex justify-content-center align-items-center\">\n<span class=\"heading-headline gold-line\">\nFIVE CRITERIA FOR A SUCCESSFUL THREAD LIFT\n<\/span><\/h3><\/div>\n\n\n\n<p class=\"has-text-align-center\">The best results can only be achieved if the basic principles of thread lifting are followed:<\/p>\n\n\n\n<p class=\"has-text-align-center\">1. Careful selection of a suitable patient, his\/her realistic expectations and perfect aesthetic analysis of the face.<br>2. Respect and knowledge of individual facial anatomy.<br>3. Understanding the ageing process.<br>4. Evaluation of skin and subcutaneous tissue quality.<br>5. The suitable thread type and precise application technique.<\/p>\n\n\n\n<div class=\"heading mb-4 mt-5 pt-5\">\n<h3 class=\"d-inline-flex justify-content-center align-items-center\">\n<span class=\"heading-headline gold-line\">\nFACIAL AESTHETIC ANALYSIS\n<\/span><\/h3><\/div>\n\n\n\n<p class=\"has-text-align-center\">We know how important the amount and distribution of volumes and soft tissues is in facial aesthetics. If you just pull one centimetre here or add one millimetre there, it will change, affect and improve the facial appearance.<\/p>\n\n\n\n<p class=\"has-text-align-center\">As the lifting threads are introduced into the subcutaneous fat layer, its quantity and quality play a crucial role in the final effect. This fact significantly affects whether the client is suitable for thread lift.<\/p>\n\n\n\n<p class=\"has-text-align-center\">From this point of view, in the aesthetic analysis, we classify our clients into 3 categories based on those who need to:<br>1. <strong>ADD VOLUME<\/strong>, with the patient&#8217;s own fat or dermal fillers., vlastn\u00edm tukem nebo derm\u00e1ln\u00edmi v\u00fdpln\u011bmi.<br>2. <strong>REDUCE VOLUME<\/strong>, by liposuction or lipolysis.<br>3. <strong>MOVE THE VOLUME<\/strong>, by thread, from the area where the volume dropped back to where it dropped from.<\/p>\n\n\n\n<div class=\"heading mb-4 mt-5 pt-5\" id=\"kontradikace\">\n<h3 class=\"d-inline-flex justify-content-center align-items-center\">\n<span class=\"heading-headline gold-line\">\nCONTRAINDICATION\n<\/span><\/h3><\/div>\n\n\n\n<p class=\"has-text-align-center\"><strong>\u2022<\/strong> Acute and chronic skin diseases in or around the injection site.<br><strong>\u2022<\/strong> Chronic disease in the acute phase or in decompensation.<br><strong>\u2022<\/strong> Autoimmune diseases.<br><strong>\u2022<\/strong> Hypersensitivity to components.<br><strong>\u2022<\/strong> Pregnancy and breast-feeding.<br><strong>\u2022<\/strong> Patient under 18 years of age.<br><strong>\u2022<\/strong> Permanent fillers.<\/p>\n\n\n\n<div class=\"heading mb-4 mt-5 pt-5\">\n<h3 class=\"d-inline-flex justify-content-center align-items-center\">\n<span class=\"heading-headline gold-line\">\nCOMPLICATIONS\n<\/span><\/h3><\/div>\n\n\n\n<p class=\"has-text-align-center\"><strong>\u2022<\/strong> Hematoma (bruising) and swelling \u2013 are a natural reaction to the procedure.<br><strong>\u2022<\/strong> Unevenness around the thread \u2013 thread lift is performed in the so-called hypercorrection and the skin can be &#8222;piled up&#8220; on the thread. The tissue usually \u201cfalls\u201d by about 15 &#8211; 25% within 14-21 days and then everything is levelled.<br><strong>\u2022<\/strong> Visible projection and bluish translucency \u2013 are usually a result of too superficial application of the thread.<br><strong>\u2022<\/strong> Asymmetry \u2013 can be observed shortly after the procedure, usually the mimic muscles balance everything within 14-21 days.<\/p>\n\n\n\n<p class=\"has-text-align-center\"><em>It is advisable to consult a doctor with problems such as infection, inflammation or extrusion, when the end of the thread \u201cpeeks out\u201d.<\/em><\/p>\n","protected":false},"excerpt":{"rendered":"<p>WHAT OBJECTIVE\/EFFECT DO WE USE THREADS FOR? Lifting &#8211; lift &#8211; traction threads They are introduced into the subcutaneous fat layer in order to: lift soft tissues and withered skin, create volume, e.g. in the cheekbone area, to support the growth of the collagen fibre network and activate local blood circulation. All that for rejuvenation, [&hellip;]<\/p>\n","protected":false},"author":1,"featured_media":0,"parent":0,"menu_order":0,"comment_status":"closed","ping_status":"closed","template":"parts\/zakrok-nitovy-lifting-page.php","meta":{"_acf_changed":false,"inline_featured_image":false,"ngg_post_thumbnail":0,"footnotes":""},"class_list":["post-81","page","type-page","status-publish","hentry"],"acf":[],"yoast_head":"<!-- This site is optimized with the Yoast SEO plugin v27.3 - https:\/\/yoast.com\/product\/yoast-seo-wordpress\/ -->\n<title>Threads: Lifting thread - Be Elite Clinic EN<\/title>\n<meta name=\"robots\" content=\"index, follow, max-snippet:-1, max-image-preview:large, max-video-preview:-1\" \/>\n<link rel=\"canonical\" href=\"https:\/\/www.beeliteclinic.cz\/en\/elite-procedures\/\" \/>\n<meta property=\"og:locale\" content=\"cs_CZ\" \/>\n<meta property=\"og:type\" content=\"article\" \/>\n<meta property=\"og:title\" content=\"Threads: Lifting thread - Be Elite Clinic EN\" \/>\n<meta property=\"og:description\" content=\"WHAT OBJECTIVE\/EFFECT DO WE USE THREADS FOR? Lifting &#8211; lift &#8211; traction threads They are introduced into the subcutaneous fat layer in order to: lift soft tissues and withered skin, create volume, e.g. in the cheekbone area, to support the growth of the collagen fibre network and activate local blood circulation. All that for rejuvenation, [&hellip;]\" \/>\n<meta property=\"og:url\" content=\"https:\/\/www.beeliteclinic.cz\/en\/elite-procedures\/\" \/>\n<meta property=\"og:site_name\" content=\"Be Elite Clinic EN\" \/>\n<meta property=\"article:modified_time\" content=\"2021-06-02T10:30:15+00:00\" \/>\n<meta name=\"twitter:card\" content=\"summary_large_image\" \/>\n<meta name=\"twitter:label1\" content=\"Odhadovan\u00e1 doba \u010dten\u00ed\" \/>\n\t<meta name=\"twitter:data1\" content=\"5 minut\" \/>\n<script type=\"application\/ld+json\" class=\"yoast-schema-graph\">{\"@context\":\"https:\\\/\\\/schema.org\",\"@graph\":[{\"@type\":\"WebPage\",\"@id\":\"https:\\\/\\\/www.beeliteclinic.cz\\\/en\\\/elite-procedures\\\/\",\"url\":\"https:\\\/\\\/www.beeliteclinic.cz\\\/en\\\/elite-procedures\\\/\",\"name\":\"Threads: Lifting thread - Be Elite Clinic EN\",\"isPartOf\":{\"@id\":\"https:\\\/\\\/www.beeliteclinic.cz\\\/en\\\/#website\"},\"datePublished\":\"2019-11-21T13:51:22+00:00\",\"dateModified\":\"2021-06-02T10:30:15+00:00\",\"breadcrumb\":{\"@id\":\"https:\\\/\\\/www.beeliteclinic.cz\\\/en\\\/elite-procedures\\\/#breadcrumb\"},\"inLanguage\":\"cs\",\"potentialAction\":[{\"@type\":\"ReadAction\",\"target\":[\"https:\\\/\\\/www.beeliteclinic.cz\\\/en\\\/elite-procedures\\\/\"]}]},{\"@type\":\"BreadcrumbList\",\"@id\":\"https:\\\/\\\/www.beeliteclinic.cz\\\/en\\\/elite-procedures\\\/#breadcrumb\",\"itemListElement\":[{\"@type\":\"ListItem\",\"position\":1,\"name\":\"Dom\u016f\",\"item\":\"https:\\\/\\\/www.beeliteclinic.cz\\\/en\\\/\"},{\"@type\":\"ListItem\",\"position\":2,\"name\":\"Threads: Lifting thread\"}]},{\"@type\":\"WebSite\",\"@id\":\"https:\\\/\\\/www.beeliteclinic.cz\\\/en\\\/#website\",\"url\":\"https:\\\/\\\/www.beeliteclinic.cz\\\/en\\\/\",\"name\":\"Be Elite Clinic EN\",\"description\":\"Dal\u0161\u00ed nov\u00fd web v r\u00e1mci s\u00edt\u011b Be Elite Clinic s\u00ed\u0165 web\u016f\",\"potentialAction\":[{\"@type\":\"SearchAction\",\"target\":{\"@type\":\"EntryPoint\",\"urlTemplate\":\"https:\\\/\\\/www.beeliteclinic.cz\\\/en\\\/?s={search_term_string}\"},\"query-input\":{\"@type\":\"PropertyValueSpecification\",\"valueRequired\":true,\"valueName\":\"search_term_string\"}}],\"inLanguage\":\"cs\"}]}<\/script>\n<!-- \/ Yoast SEO plugin. -->","yoast_head_json":{"title":"Threads: Lifting thread - Be Elite Clinic EN","robots":{"index":"index","follow":"follow","max-snippet":"max-snippet:-1","max-image-preview":"max-image-preview:large","max-video-preview":"max-video-preview:-1"},"canonical":"https:\/\/www.beeliteclinic.cz\/en\/elite-procedures\/","og_locale":"cs_CZ","og_type":"article","og_title":"Threads: Lifting thread - Be Elite Clinic EN","og_description":"WHAT OBJECTIVE\/EFFECT DO WE USE THREADS FOR? Lifting &#8211; lift &#8211; traction threads They are introduced into the subcutaneous fat layer in order to: lift soft tissues and withered skin, create volume, e.g. in the cheekbone area, to support the growth of the collagen fibre network and activate local blood circulation. All that for rejuvenation, [&hellip;]","og_url":"https:\/\/www.beeliteclinic.cz\/en\/elite-procedures\/","og_site_name":"Be Elite Clinic EN","article_modified_time":"2021-06-02T10:30:15+00:00","twitter_card":"summary_large_image","twitter_misc":{"Odhadovan\u00e1 doba \u010dten\u00ed":"5 minut"},"schema":{"@context":"https:\/\/schema.org","@graph":[{"@type":"WebPage","@id":"https:\/\/www.beeliteclinic.cz\/en\/elite-procedures\/","url":"https:\/\/www.beeliteclinic.cz\/en\/elite-procedures\/","name":"Threads: Lifting thread - Be Elite Clinic EN","isPartOf":{"@id":"https:\/\/www.beeliteclinic.cz\/en\/#website"},"datePublished":"2019-11-21T13:51:22+00:00","dateModified":"2021-06-02T10:30:15+00:00","breadcrumb":{"@id":"https:\/\/www.beeliteclinic.cz\/en\/elite-procedures\/#breadcrumb"},"inLanguage":"cs","potentialAction":[{"@type":"ReadAction","target":["https:\/\/www.beeliteclinic.cz\/en\/elite-procedures\/"]}]},{"@type":"BreadcrumbList","@id":"https:\/\/www.beeliteclinic.cz\/en\/elite-procedures\/#breadcrumb","itemListElement":[{"@type":"ListItem","position":1,"name":"Dom\u016f","item":"https:\/\/www.beeliteclinic.cz\/en\/"},{"@type":"ListItem","position":2,"name":"Threads: Lifting thread"}]},{"@type":"WebSite","@id":"https:\/\/www.beeliteclinic.cz\/en\/#website","url":"https:\/\/www.beeliteclinic.cz\/en\/","name":"Be Elite Clinic EN","description":"Dal\u0161\u00ed nov\u00fd web v r\u00e1mci s\u00edt\u011b Be Elite Clinic s\u00ed\u0165 web\u016f","potentialAction":[{"@type":"SearchAction","target":{"@type":"EntryPoint","urlTemplate":"https:\/\/www.beeliteclinic.cz\/en\/?s={search_term_string}"},"query-input":{"@type":"PropertyValueSpecification","valueRequired":true,"valueName":"search_term_string"}}],"inLanguage":"cs"}]}},"_links":{"self":[{"href":"https:\/\/www.beeliteclinic.cz\/en\/wp-json\/wp\/v2\/pages\/81","targetHints":{"allow":["GET"]}}],"collection":[{"href":"https:\/\/www.beeliteclinic.cz\/en\/wp-json\/wp\/v2\/pages"}],"about":[{"href":"https:\/\/www.beeliteclinic.cz\/en\/wp-json\/wp\/v2\/types\/page"}],"author":[{"embeddable":true,"href":"https:\/\/www.beeliteclinic.cz\/en\/wp-json\/wp\/v2\/users\/1"}],"replies":[{"embeddable":true,"href":"https:\/\/www.beeliteclinic.cz\/en\/wp-json\/wp\/v2\/comments?post=81"}],"version-history":[{"count":11,"href":"https:\/\/www.beeliteclinic.cz\/en\/wp-json\/wp\/v2\/pages\/81\/revisions"}],"predecessor-version":[{"id":1484,"href":"https:\/\/www.beeliteclinic.cz\/en\/wp-json\/wp\/v2\/pages\/81\/revisions\/1484"}],"wp:attachment":[{"href":"https:\/\/www.beeliteclinic.cz\/en\/wp-json\/wp\/v2\/media?parent=81"}],"curies":[{"name":"wp","href":"https:\/\/api.w.org\/{rel}","templated":true}]}}